{"id":1458,"date":"2016-08-23T20:54:51","date_gmt":"2016-08-23T18:54:51","guid":{"rendered":"http:\/\/csel.at\/publikationen\/wiener-studien\/?lang=en"},"modified":"2024-06-13T09:53:28","modified_gmt":"2024-06-13T07:53:28","slug":"wiener-studien","status":"publish","type":"page","link":"https:\/\/csel.at\/en\/publikationen\/wiener-studien\/","title":{"rendered":"Wiener Studien"},"content":{"rendered":"<p>The CSEL is Co-Editor of the Journal Wiener Studien, Zeitschrift f\u00fcr Klassische Philologie, Patristik und Lateinische Tradition. The Journal is published by the <a href=\"https:\/\/verlag.oeaw.ac.at\/Reihen\/Wiener-Studien-Zeitschrift-fuer-Klassische-Philologie-und-Patristik\" target=\"_blank\" rel=\"noopener noreferrer\">Verlag der \u00d6sterreichischen Akademie der Wissenschaften<\/a>.<\/p>\n<p style=\"text-align: center;\">For submitting manuscripts (<a href=\"http:\/\/csel.at\/wp-content\/uploads\/2024\/06\/Stylesheet.pdf\">Stylesheet<\/a>) please use the following address:<br \/>\n<a href=\"mailto:wiener&#46;studien&#64;pl&#117;&#115;&#46;&#97;&#99;&#46;&#97;&#116;\">&#x77;&#x69;&#x65;&#x6e;&#x65;&#x72;&#x2e;&#x73;&#116;&#117;&#100;&#105;&#101;&#110;&#64;plus&#x2e;&#x61;&#x63;&#x2e;&#x61;&#x74;<\/a><\/p>\n<hr \/>\n<p><strong>Profile<\/strong>: The Wiener Studien are an international scientific peer-reviewed Journal edited by:<br \/>\nUniversit\u00e4t Wien, <a href=\"https:\/\/klassischephilologie.univie.ac.at\/\" target=\"_blank\" rel=\"noopener noreferrer\">Institut f\u00fcr Klassische Philologie, Mittel- und Neulatein<\/a>,<br \/>\nUniversit\u00e4t Salzburg, Fachbereich Altertumswissenschaften, <a href=\"http:\/\/csel.at\/\">CSEL<\/a>, and<br \/>\nAbteilung Altertumswissenschaften \/ \u00d6AI (Austrian Academy of Sciences).<\/p>\n<p>In 1879 the first volume appeared: &#8220;Wiener Studien. Zeitschrift f\u00fcr classische Philologie. Supplement der Zeitschrift f\u00fcr \u00d6sterreichische Gymnasien&#8221;, Red.: Wilhelm Ritter von Hartel, Karl Schenkl.<br \/>\n1967: &#8220;Zeitschrift f\u00fcr Klassische Philologie und Patristik&#8221;<br \/>\n1996: &#8220;Zeitschrift f\u00fcr Klassische Philologie, Patristik und lateinische Tradition&#8221;<\/p>\n<p><strong>Contents<\/strong>: Classical Philology, Patristic Studies, Nachleben<\/p>\n<p><strong>Languages<\/strong>: German, English, Italian, French<\/p>\n<hr \/>\n<p><strong>General Editor<\/strong>: Kurt Smolak (Institut f\u00fcr Klassische Philologie, Mittel- und Neulatein der Universit\u00e4t Wien; \u00d6sterreichische Akademie der Wissenschaften)<\/p>\n<p><strong>Editors<\/strong>: Herbert Bannert, Stefan B\u00fcttner, Andreas Heil, Christine Ratkowitsch,\u00a0 Walter Stockert, Hartmut Wulfram (Institut f\u00fcr Klassische Philologie, Mittel- und Neulatein der Universit\u00e4t Wien), Danuta Shanzer (Institut f\u00fcr Klassische Philologie, Mittel- und Neulatein der Universit\u00e4t Wien; \u00d6sterreichische Akademie der Wissenschaften), Stefan Hagel (Institut f\u00fcr Kulturgeschichte der Antike der \u00d6sterreichischen Akademie der Wissenschaften), Dorothea Weber (Klassische Philologie, Latinistik\/CSEL, Universit\u00e4t Salzburg)<\/p>\n<p><strong>International Advisory Board<\/strong>:<br \/>\nDomenico Accorinti (Istituto d\u2019Istruzione Superiore Galilei-Pacinotti, Pisa)<br \/>\nThomas Baier (Institut f\u00fcr Klassische Philologie der Universit\u00e4t W\u00fcrzburg)<br \/>\nCarmen Cardelle de Hartmann (Mittellateinisches Seminar der Universit\u00e4t Z\u00fcrich)<br \/>\nIrmgard M\u00e4nnlein-Robert (Philologisches Seminar der Universit\u00e4t T\u00fcbingen)<br \/>\nGlenn W. Most (Scuola Normale Superiore di Pisa)<br \/>\nHildegund M\u00fcller (University of Notre Dame, Indiana)<br \/>\nAntonios Rengakos (Aristotle University of Theassaloniki)<br \/>\nDirk Sacr\u00e9 (Catholic University of Leuven)<br \/>\nPetra Schierl (Latinistik, Universit\u00e4t Basel)<br \/>\nErnst A. Schmidt (Philologisches Seminar der Universit\u00e4t T\u00fcbingen)<\/p>\n<p><strong>Redaktion<\/strong>: Victoria Zimmerl-Panagl (CSEL, Universit\u00e4t Salzburg)<\/p>\n","protected":false},"excerpt":{"rendered":"<p>The CSEL is Co-Editor of the Journal Wiener Studien, Zeitschrift f\u00fcr Klassische Philologie, Patristik und Lateinische Tradition. The Journal is published by the Verlag der \u00d6sterreichischen Akademie der Wissenschaften. For submitting manuscripts (Stylesheet) please use the following address: &#x77;&#x69;&#101;n&#x65;&#x72;&#46;st&#x75;&#x64;&#105;e&#x6e;&#x40;&#112;&#108;u&#x73;&#x2e;&#97;c&#x2e;&#x61;&#116; Profile: The Wiener Studien are an international scientific peer-reviewed Journal edited by: Universit\u00e4t Wien, Institut f\u00fcr &hellip; <a href=\"https:\/\/csel.at\/en\/publikationen\/wiener-studien\/\" class=\"more-link\">Continue reading<span class=\"screen-reader-text\"> &#8220;Wiener Studien&#8221;<\/span><\/a><\/p>\n","protected":false},"author":1,"featured_media":0,"parent":1443,"menu_order":0,"comment_status":"closed","ping_status":"closed","template":"","meta":{"_acf_changed":false,"_bbp_topic_count":0,"_bbp_reply_count":0,"_bbp_total_topic_count":0,"_bbp_total_reply_count":0,"_bbp_voice_count":0,"_bbp_anonymous_reply_count":0,"_bbp_topic_count_hidden":0,"_bbp_reply_count_hidden":0,"_bbp_forum_subforum_count":0,"footnotes":""},"class_list":["post-1458","page","type-page","status-publish","hentry"],"acf":[],"_links":{"self":[{"href":"https:\/\/csel.at\/en\/wp-json\/wp\/v2\/pages\/1458","targetHints":{"allow":["GET"]}}],"collection":[{"href":"https:\/\/csel.at\/en\/wp-json\/wp\/v2\/pages"}],"about":[{"href":"https:\/\/csel.at\/en\/wp-json\/wp\/v2\/types\/page"}],"author":[{"embeddable":true,"href":"https:\/\/csel.at\/en\/wp-json\/wp\/v2\/users\/1"}],"replies":[{"embeddable":true,"href":"https:\/\/csel.at\/en\/wp-json\/wp\/v2\/comments?post=1458"}],"version-history":[{"count":19,"href":"https:\/\/csel.at\/en\/wp-json\/wp\/v2\/pages\/1458\/revisions"}],"predecessor-version":[{"id":4731,"href":"https:\/\/csel.at\/en\/wp-json\/wp\/v2\/pages\/1458\/revisions\/4731"}],"up":[{"embeddable":true,"href":"https:\/\/csel.at\/en\/wp-json\/wp\/v2\/pages\/1443"}],"wp:attachment":[{"href":"https:\/\/csel.at\/en\/wp-json\/wp\/v2\/media?parent=1458"}],"curies":[{"name":"wp","href":"https:\/\/api.w.org\/{rel}","templated":true}]}}